{"id":923,"date":"2022-04-28T10:47:13","date_gmt":"2022-04-28T07:47:13","guid":{"rendered":"https:\/\/jaripuhakkaoy.fi\/?page_id=923"},"modified":"2026-04-28T11:16:15","modified_gmt":"2026-04-28T08:16:15","slug":"keikkakalenteri","status":"publish","type":"page","link":"https:\/\/jaripuhakkaoy.fi\/index.php\/keikkakalenteri\/","title":{"rendered":"KEIKKAKALENTERI"},"content":{"rendered":"\n<style type=\"text\/css\" data-created_by=\"avia_inline_auto\" id=\"style-css-av-an5bks-ce9302c2957bfee09ca5735cbd7885ad\">\n.avia-section.av-an5bks-ce9302c2957bfee09ca5735cbd7885ad{\nbackground-repeat:no-repeat;\nbackground-image:url(https:\/\/jaripuhakkaoy.fi\/wp-content\/uploads\/2021\/02\/JP-Header.png);\nbackground-position:0% 50%;\nbackground-attachment:scroll;\n}\n.avia-section.av-an5bks-ce9302c2957bfee09ca5735cbd7885ad .av-extra-border-element .av-extra-border-inner{\nbackground-color:#000000;\n}\n<\/style>\n<div id='av_section_1'  class='avia-section av-an5bks-ce9302c2957bfee09ca5735cbd7885ad main_color avia-section-huge avia-no-border-styling  avia-builder-el-0  el_before_av_section  avia-builder-el-first  avia-full-contain avia-bg-style-scroll av-arrow-down-section av-minimum-height av-minimum-height-50 av-height-50  container_wrap fullsize'  data-section-bg-repeat='contain' data-av_minimum_height_pc='50' data-av_min_height_opt='50'><div class='container av-section-cont-open' ><main  role=\"main\" itemprop=\"mainContentOfPage\"  class='template-page content  av-content-full alpha units'><div class='post-entry post-entry-type-page post-entry-923'><div class='entry-content-wrapper clearfix'>\n<\/div><\/div><\/main><!-- close content main element --><\/div><div class='av-extra-border-element border-extra-arrow-down'><div class='av-extra-border-outer'><div class='av-extra-border-inner'><\/div><\/div><\/div><\/div>\n<style type=\"text\/css\" data-created_by=\"avia_inline_auto\" id=\"style-css-av-a2idfo-8426050d5091f46dc5f64c2977a215e2\">\n.avia-section.av-a2idfo-8426050d5091f46dc5f64c2977a215e2 .av-extra-border-element .av-extra-border-inner{\nbackground-color:#ffffff;\n}\n<\/style>\n<div id='av_section_2'  class='avia-section av-a2idfo-8426050d5091f46dc5f64c2977a215e2 alternate_color avia-section-huge avia-no-border-styling  avia-builder-el-1  el_after_av_section  avia-builder-el-last  avia-bg-style-scroll av-arrow-down-section container_wrap fullsize'  ><div class='container av-section-cont-open' ><div class='template-page content  av-content-full alpha units'><div class='post-entry post-entry-type-page post-entry-923'><div class='entry-content-wrapper clearfix'>\n\n<style type=\"text\/css\" data-created_by=\"avia_inline_auto\" id=\"style-css-av-82umb-f58ea080976b59bcec01e94a70fdb1cd\">\n#top .av-special-heading.av-82umb-f58ea080976b59bcec01e94a70fdb1cd{\npadding-bottom:0;\nfont-size:50px;\n}\nbody .av-special-heading.av-82umb-f58ea080976b59bcec01e94a70fdb1cd .av-special-heading-tag .heading-char{\nfont-size:25px;\n}\n#top #wrap_all .av-special-heading.av-82umb-f58ea080976b59bcec01e94a70fdb1cd .av-special-heading-tag{\nfont-size:50px;\n}\n.av-special-heading.av-82umb-f58ea080976b59bcec01e94a70fdb1cd .av-subheading{\nfont-size:15px;\n}\n\n@media only screen and (min-width: 480px) and (max-width: 767px){ \n#top #wrap_all .av-special-heading.av-82umb-f58ea080976b59bcec01e94a70fdb1cd .av-special-heading-tag{\nfont-size:0.8em;\n}\n}\n\n@media only screen and (max-width: 479px){ \n#top #wrap_all .av-special-heading.av-82umb-f58ea080976b59bcec01e94a70fdb1cd .av-special-heading-tag{\nfont-size:0.8em;\n}\n}\n<\/style>\n<div  class='av-special-heading av-82umb-f58ea080976b59bcec01e94a70fdb1cd av-special-heading-h3 blockquote modern-quote modern-centered  avia-builder-el-2  el_before_av_hr  avia-builder-el-first  av-inherit-size'><h3 class='av-special-heading-tag '  itemprop=\"headline\"  >KEIKKAKALENTERI<\/h3><div class=\"special-heading-border\"><div class=\"special-heading-inner-border\"><\/div><\/div><\/div>\n\n<style type=\"text\/css\" data-created_by=\"avia_inline_auto\" id=\"style-css-av-9m2hkc-1097a826b4ad7249922eedca4a4a1f95\">\n#top .hr.av-9m2hkc-1097a826b4ad7249922eedca4a4a1f95{\nmargin-top:15px;\nmargin-bottom:40px;\n}\n.hr.av-9m2hkc-1097a826b4ad7249922eedca4a4a1f95 .hr-inner{\nwidth:50px;\nborder-color:#000000;\nmax-width:45%;\n}\n.hr.av-9m2hkc-1097a826b4ad7249922eedca4a4a1f95 .av-seperator-icon{\ncolor:#d63e2d;\n}\n.hr.av-9m2hkc-1097a826b4ad7249922eedca4a4a1f95 .av-seperator-icon.avia-svg-icon svg:first-child{\nfill:#d63e2d;\nstroke:#d63e2d;\n}\n<\/style>\n<div  class='hr av-9m2hkc-1097a826b4ad7249922eedca4a4a1f95 hr-custom  avia-builder-el-3  el_after_av_heading  el_before_av_textblock  hr-center hr-icon-yes'><span class='hr-inner inner-border-av-border-fat'><span class=\"hr-inner-style\"><\/span><\/span><span class='av-seperator-icon avia-iconfont avia-font-entypo-fontello' data-av_icon='\ue8b4' data-av_iconfont='entypo-fontello' ><\/span><span class='hr-inner inner-border-av-border-fat'><span class=\"hr-inner-style\"><\/span><\/span><\/div>\n<section  class='av_textblock_section av-l2ipdn24-1a054f9e1716f9bdd0a325f974563efe '   itemscope=\"itemscope\" itemtype=\"https:\/\/schema.org\/CreativeWork\" ><div class='avia_textblock'  itemprop=\"text\" ><p style=\"text-align: center;\"><strong>30.04.2026<\/strong><br \/>\nNaantali Finnlines, Pirita Niemenmaa &amp; Jari Puhakan Orkesteri<\/p>\n<p style=\"text-align: center;\"><strong>01.05.2026<\/strong><br \/>\nHyvink\u00e4\u00e4 Tori, Laula kanssain-yhteislaulutilaisuus (p\u00e4iv\u00e4ll\u00e4)<\/p>\n<p style=\"text-align: center;\"><strong>03.05.2026<\/strong><br \/>\nKiinni<\/p>\n<p style=\"text-align: center;\"><strong>06.05.2026<\/strong><br \/>\nSomero Esakallion Lava, Tomi Markkola &amp; Jari Puhakan Orkesteri<\/p>\n<p style=\"text-align: center;\"><strong>08.05.2026<\/strong><br \/>\nViking Grace, Euroviisut kautta aikojen-Show<\/p>\n<p style=\"text-align: center;\"><strong>23.05.2026<\/strong><br \/>\nVaala, Laula kanssain-yhteislaulutilaisuus<\/p>\n<p style=\"text-align: center;\"><strong>27.05.2026<\/strong><br \/>\nIkaalinen Spa, Hanna Hirvonen &amp; Jari Puhakan Orkesteri<\/p>\n<p style=\"text-align: center;\"><strong>06.06.2026<\/strong><br \/>\nM\u00e4ntyharju, Laula kanssain-yhteislaulutilaisuus<\/p>\n<p style=\"text-align: center;\"><strong>10.06.2026<\/strong><br \/>\nVantaa Vanha Mylly, Laula kanssain-yhteislaulutilaisuus<\/p>\n<p style=\"text-align: center;\"><strong>11.06.2026<\/strong><br \/>\nMerij\u00e4rvi, Laula kanssain-yhteislaulutilaisuus<\/p>\n<p style=\"text-align: center;\"><strong>13.06.2026<\/strong><br \/>\nPoikelj\u00e4rven Paviljonki, Kaija Lustila &amp; Rubiini<\/p>\n<p style=\"text-align: center;\"><strong>19.06.2026<\/strong><br \/>\nLohja J\u00e4rvijuhannus, Laula kanssain-yhteislaulutilaisuus (p\u00e4iv\u00e4ll\u00e4)<\/p>\n<p style=\"text-align: center;\"><strong>19.06.2026<\/strong><br \/>\nKouvola Orilammen Lomakeskus, Kaija Lustila &amp; Rubiini<\/p>\n<p style=\"text-align: center;\"><strong>23.06.2026<\/strong><br \/>\nM\u00e4ntyharju Vihantasalmi, Rock&#8217;n&#8217; Rolls Band &amp; Kaija Lustila<\/p>\n<p style=\"text-align: center;\"><strong>24.06.2026<\/strong><br \/>\nKaarina Tori, Laula kanssain-yhteislaulutilaisuus<\/p>\n<p style=\"text-align: center;\"><strong>25.06.2026<\/strong><br \/>\nHankasalmi Tori, Laula kanssain-yhteislaulutilaisuus<\/p>\n<p style=\"text-align: center;\"><strong>26.06.2026<\/strong><br \/>\nKemij\u00e4rvi Kulttuurikeskus, Laula kanssain-yhteislaulutilaisuus<\/p>\n<p style=\"text-align: center;\"><strong>27.06.2026<\/strong><br \/>\nKortesj\u00e4rvi NS, Laula kanssain-yhteislaulutilaisuus<\/p>\n<p style=\"text-align: center;\"><strong>28.06.2026<\/strong><br \/>\nTuusniemi Museo, Laula kanssain-yhteislaulutilaisuus<\/p>\n<p style=\"text-align: center;\"><strong>01.07.2026<\/strong><br \/>\nJokioinen Tori, Laula kanssain-yhteislaulutilaisuus<\/p>\n<p style=\"text-align: center;\"><strong>02.07.2026<\/strong><br \/>\nHein\u00e4vesi Tori, Laula kanssain-yhteislaulutilaisuus<\/p>\n<p style=\"text-align: center;\"><strong>04.07.2026<\/strong><br \/>\nS\u00e4\u00e4nj\u00e4rven Lava, Jaska M\u00e4kynen &amp; Jari Puhakan Orkesteri<\/p>\n<p style=\"text-align: center;\"><strong>05.07.2026<\/strong><br \/>\nMultia Laula kanssain-yhteislaulutilaisuus<\/p>\n<p style=\"text-align: center;\"><strong>08.07.2026<\/strong><br \/>\nIsokyr\u00f6 Kotiseutumuseo, Laula kanssain-yhteislaulutilaisuus<\/p>\n<p style=\"text-align: center;\"><strong>09.07.2026<\/strong><br \/>\nVimpeli, Laula kanssain-yhteislaulutilaisuus<\/p>\n<p style=\"text-align: center;\"><strong>10.07.2026<\/strong><br \/>\nRaahe Merip\u00e4iv\u00e4t, Laula kanssain-yhteislaulutilaisuus (p\u00e4iv\u00e4ll\u00e4)<\/p>\n<p style=\"text-align: center;\"><strong>15.07.2026<\/strong><br \/>\n\u00c4ht\u00e4ri Tori, Laula kanssain-yhteislaulutilaisuus<\/p>\n<p style=\"text-align: center;\"><strong>18.07.2026<\/strong><br \/>\nAkaa, Tori Laula kanssain-yhteislaulutilaisuus<\/p>\n<p style=\"text-align: center;\"><strong>22.07.2026<\/strong><br \/>\nM\u00e4ntyharju Nurmaan Lava, Kaija Lustila &amp; Rubiini<\/p>\n<p style=\"text-align: center;\"><strong>23.07.2026<\/strong><br \/>\nJoutseno J\u00e4nhi\u00e4l\u00e4n Lava, Kaija Lustila &amp; Rubiini<\/p>\n<p style=\"text-align: center;\"><strong>24.07.2026<\/strong><br \/>\nPolvij\u00e4rvi, Laula kanssain-yhteislaulutilaisuus<\/p>\n<p style=\"text-align: center;\"><strong>29.07.2026<\/strong><br \/>\nUusikaupunki, Laula kanssain-yhteislaulutilaisuus<\/p>\n<p style=\"text-align: center;\"><strong>30.07.2026<\/strong><br \/>\nPieks\u00e4m\u00e4ki Salmen Lava, Kaija Lustila &amp; Rubiini<\/p>\n<p style=\"text-align: center;\"><strong>01.08.2026<\/strong><br \/>\nVirrat Perinnekyl\u00e4, Laula kanssain-yhteislaulutilaisuus<\/p>\n<p style=\"text-align: center;\"><strong>06.08.2026<\/strong><br \/>\nKiuruvesi, Laula kanssain-yhteislaulutilaisuus<\/p>\n<p style=\"text-align: center;\"><strong>08.08.2026<\/strong><br \/>\nSaarij\u00e4rvi Kukonhiekka, Hanna Hirvonen &amp; Jari Puhakan Orkesteri<\/p>\n<p style=\"text-align: center;\"><strong>15.08.2026<\/strong><br \/>\nM\u00e4nts\u00e4l\u00e4 Suurlava, Kaija Lustila &amp; Rubiini<\/p>\n<p style=\"text-align: center;\"><strong>22.08.2026<\/strong><br \/>\nRaisio Huvilintu, Hanna Hirvonen &amp; Jari Puhakan Orkesteri<\/p>\n<p style=\"text-align: center;\"><strong>29.08.2026<\/strong><br \/>\nTornio, Laula kanssain-yhteislaulutilaisuus<\/p>\n<p style=\"text-align: center;\"><strong>05.09.2026<\/strong><br \/>\nPuolanka, Laula kanssain-yhteislaulutilaisuus<\/p>\n<p style=\"text-align: center;\"><strong>07.09.2026<\/strong><br \/>\nLemp\u00e4\u00e4l\u00e4 Tori, Laula kanssain-yhteislaulutilaisuus<\/p>\n<p style=\"text-align: center;\"><strong>03.10.2026<\/strong><br \/>\nValtimo Vanha kirjasto, Kaija Lustila &amp; Rubiini<\/p>\n<p style=\"text-align: center;\"><strong>04.10.2026<\/strong><br \/>\nKiinni<\/p>\n<p style=\"text-align: center;\"><strong>09.10.2026<\/strong><br \/>\nLahti Sibeliustalo, Herrasmiehet Lavalla-Konsertti<\/p>\n<p style=\"text-align: center;\"><strong>11.10.2026<\/strong><br \/>\nHelsinki Pavi, Kaija Lustila &amp; Rubiini<\/p>\n<p style=\"text-align: center;\"><strong>13.10.2026<\/strong><br \/>\nTurku Logomo, Herrasmiehet Lavalla-Konsertti<\/p>\n<p style=\"text-align: center;\"><strong>18.10.2026<\/strong><br \/>\nM\u00e4ntyharju NS-talo, Heidi Pakarinen &amp; Jari Puhakan Orkesteri<\/p>\n<p style=\"text-align: center;\"><strong>25.10.2026<\/strong><br \/>\nOulu Madetojasali, Herrasmiehet Lavalla-Konsertti<\/p>\n<p style=\"text-align: center;\"><strong>01.11.2026<\/strong><br \/>\nPori Promenadisali, Herrasmiehet Lavalla-Konsertti<\/p>\n<p style=\"text-align: center;\"><strong>12.11.2026<\/strong><br \/>\nJyv\u00e4skyl\u00e4 Paviljonki, Herrasmiehet Lavalla-Konsertti<\/p>\n<p style=\"text-align: center;\"><strong>15.11.2026<\/strong><br \/>\nHelsinki Kulttuuritalo, Herrasmiehet Lavalla-Konsertti<\/p>\n<p style=\"text-align: center;\"><strong>18.11.2026<\/strong><br \/>\nKuopio Musiikkikeskus, Herrasmiehet Lavalla-Konsertti<\/p>\n<p style=\"text-align: center;\"><strong>29.11.2026<\/strong><br \/>\nTampere Tamperetalo, Herrasmiehet Lavalla-Konsertti<\/p>\n<p style=\"text-align: center;\"><strong>13.12.2026<\/strong><br \/>\nM\u00e4ntyharju NS-talo, Jaska M\u00e4kynen &amp; Jari Puhakan Orkesteri<\/p>\n<p style=\"text-align: center;\"><strong>27.12.2026-06.02.2027<\/strong><br \/>\nLoma<\/p>\n<p style=\"text-align: center;\"><strong>07.02.2027<\/strong><br \/>\nM\u00e4ntyharju NS-talo, Tomi Markkola &amp; Jari Puhakan Orkesteri<\/p>\n<p style=\"text-align: center;\"><strong>21.02.2027<\/strong><br \/>\nKiinni<\/p>\n<p style=\"text-align: center;\"><strong>07.03.2027<\/strong><br \/>\nM\u00e4ntyharju NS-talo, Pirita Niemenmaa &amp; Jari Puhakan Orkesteri<\/p>\n<p style=\"text-align: center;\"><strong>21.03.2027<\/strong><br \/>\nKiinni<\/p>\n<p style=\"text-align: center;\"><strong>04.04.2027<\/strong><br \/>\nM\u00e4ntyharju NS-talo, Jari Puhakan Orkesteri t\u00e4htisolisteineen<\/p>\n<p style=\"text-align: center;\"><strong>18.04.2027<\/strong><br \/>\nKiinni<\/p>\n<p style=\"text-align: center;\"><strong>02.05.2027<\/strong><br \/>\nM\u00e4ntyharju NS-talo, Kaija Lustila &amp; Rubiini<\/p>\n<\/div><\/section>\n\n<style type=\"text\/css\" data-created_by=\"avia_inline_auto\" id=\"style-css-av-l2iqguyd-d13f6f83eab94bd1128e1d4fd1b9395e\">\n.avia-image-container.av-l2iqguyd-d13f6f83eab94bd1128e1d4fd1b9395e img.avia_image{\nbox-shadow:none;\n}\n.avia-image-container.av-l2iqguyd-d13f6f83eab94bd1128e1d4fd1b9395e .av-image-caption-overlay-center{\ncolor:#ffffff;\n}\n<\/style>\n<div  class='avia-image-container av-l2iqguyd-d13f6f83eab94bd1128e1d4fd1b9395e av-styling- avia-align-center  avia-builder-el-5  el_after_av_textblock  avia-builder-el-last '   itemprop=\"image\" itemscope=\"itemscope\" itemtype=\"https:\/\/schema.org\/ImageObject\" ><div class=\"avia-image-container-inner\"><div class=\"avia-image-overlay-wrap\"><img decoding=\"async\" fetchpriority=\"high\" class='wp-image-707 avia-img-lazy-loading-not-707 avia_image ' src=\"https:\/\/jaripuhakkaoy.fi\/wp-content\/uploads\/2021\/02\/IMG_4673-300x200.jpg\" alt='' title='IMG_4673'  height=\"200\" width=\"300\"  itemprop=\"thumbnailUrl\" srcset=\"https:\/\/jaripuhakkaoy.fi\/wp-content\/uploads\/2021\/02\/IMG_4673-300x200.jpg 300w, https:\/\/jaripuhakkaoy.fi\/wp-content\/uploads\/2021\/02\/IMG_4673-1030x687.jpg 1030w, https:\/\/jaripuhakkaoy.fi\/wp-content\/uploads\/2021\/02\/IMG_4673-768x512.jpg 768w, https:\/\/jaripuhakkaoy.fi\/wp-content\/uploads\/2021\/02\/IMG_4673-1536x1024.jpg 1536w, https:\/\/jaripuhakkaoy.fi\/wp-content\/uploads\/2021\/02\/IMG_4673-2048x1365.jpg 2048w, https:\/\/jaripuhakkaoy.fi\/wp-content\/uploads\/2021\/02\/IMG_4673-1500x1000.jpg 1500w, https:\/\/jaripuhakkaoy.fi\/wp-content\/uploads\/2021\/02\/IMG_4673-705x470.jpg 705w\" sizes=\"(max-width: 300px) 100vw, 300px\" \/><\/div><\/div><\/div>\n\n","protected":false},"excerpt":{"rendered":"","protected":false},"author":2,"featured_media":0,"parent":0,"menu_order":0,"comment_status":"closed","ping_status":"closed","template":"","meta":{"footnotes":""},"class_list":["post-923","page","type-page","status-publish","hentry"],"_links":{"self":[{"href":"https:\/\/jaripuhakkaoy.fi\/index.php\/wp-json\/wp\/v2\/pages\/923","targetHints":{"allow":["GET"]}}],"collection":[{"href":"https:\/\/jaripuhakkaoy.fi\/index.php\/wp-json\/wp\/v2\/pages"}],"about":[{"href":"https:\/\/jaripuhakkaoy.fi\/index.php\/wp-json\/wp\/v2\/types\/page"}],"author":[{"embeddable":true,"href":"https:\/\/jaripuhakkaoy.fi\/index.php\/wp-json\/wp\/v2\/users\/2"}],"replies":[{"embeddable":true,"href":"https:\/\/jaripuhakkaoy.fi\/index.php\/wp-json\/wp\/v2\/comments?post=923"}],"version-history":[{"count":116,"href":"https:\/\/jaripuhakkaoy.fi\/index.php\/wp-json\/wp\/v2\/pages\/923\/revisions"}],"predecessor-version":[{"id":1237,"href":"https:\/\/jaripuhakkaoy.fi\/index.php\/wp-json\/wp\/v2\/pages\/923\/revisions\/1237"}],"wp:attachment":[{"href":"https:\/\/jaripuhakkaoy.fi\/index.php\/wp-json\/wp\/v2\/media?parent=923"}],"curies":[{"name":"wp","href":"https:\/\/api.w.org\/{rel}","templated":true}]}}